{"id":13,"date":"2025-09-19T12:24:22","date_gmt":"2025-09-19T10:24:22","guid":{"rendered":"https:\/\/filologia.uab.cat\/glosem\/?page_id=13"},"modified":"2025-10-09T11:22:29","modified_gmt":"2025-10-09T09:22:29","slug":"presentacio","status":"publish","type":"page","link":"https:\/\/filologia.uab.cat\/glosem\/","title":{"rendered":"Presentaci\u00f3n"},"content":{"rendered":"<p>[et_pb_section fb_built=&#8221;1&#8243; admin_label=&#8221;section&#8221; _builder_version=&#8221;4.27.4&#8243; background_color=&#8221;gcid-62f94ee9-2ef5-45e8-8556-c9ad3649897f&#8221; global_colors_info=&#8221;{%22gcid-62f94ee9-2ef5-45e8-8556-c9ad3649897f%22:%91%22background_color%22%93}&#8221;][et_pb_row admin_label=&#8221;row&#8221; _builder_version=&#8221;4.16&#8243; background_size=&#8221;initial&#8221; background_position=&#8221;top_left&#8221; background_repeat=&#8221;repeat&#8221; global_colors_info=&#8221;{}&#8221;][et_pb_column type=&#8221;4_4&#8243; _builder_version=&#8221;4.16&#8243; custom_padding=&#8221;|||&#8221; global_colors_info=&#8221;{}&#8221; custom_padding__hover=&#8221;|||&#8221;][et_pb_post_title meta=&#8221;off&#8221; featured_image=&#8221;off&#8221; _builder_version=&#8221;4.27.4&#8243; _module_preset=&#8221;default&#8221; title_font=&#8221;Abril Fatface|||on|||||&#8221; title_font_size=&#8221;2em&#8221; global_colors_info=&#8221;{}&#8221;][\/et_pb_post_title][et_pb_text admin_label=&#8221;Text presentaci\u00f3&#8221; _builder_version=&#8221;4.27.4&#8243; _module_preset=&#8221;default&#8221; hover_enabled=&#8221;0&#8243; global_colors_info=&#8221;{}&#8221; sticky_enabled=&#8221;0&#8243;]<\/p>\n<p>El Glosario Digital de T\u00e9rminos de la Literatura Espa\u00f1ola Medieval y del Siglo de Oro (GLOSEM) es una actividad llevada a cabo por estudiantes de la asignatura \u00abLiteratura medieval y del Siglo de Oro\u00bb de la Universitat Aut\u00f2noma de Barcelona, en la que ellos son los autores de las definiciones de distintos t\u00e9rminos significativos de la literatura espa\u00f1ola.<\/p>\n<p>La propuesta GLOSEM tiene como finalidad que los alumnos participen activamente en su propio proceso de aprendizaje, que se conviertan en creadores de los conocimientos que aplicar\u00e1n de manera pr\u00e1ctica a textos literarios, y que lo compartan con sus compa\u00f1eros.<\/p>\n<p>La elaboraci\u00f3n de este glosario compartido \u2014que puede ser desarrollado por distintos grupos de forma simult\u00e1nea y tambi\u00e9n a lo largo de m\u00e1s de un curso acad\u00e9mico\u2014 implica un aprendizaje transversal tanto en esta como en otras asignaturas. Adem\u00e1s, no solo permite aplicar lo aprendido sobre las lecturas trabajadas en la propuesta, sino que tambi\u00e9n constituye una forma de proyectar el conocimiento m\u00e1s all\u00e1 del aula.<\/p>\n<p>En esta iniciativa de innovaci\u00f3n docente, financiada por el decanato de la facultad de Filosof\u00eda y Letras, participan las profesoras del departamento de Filolog\u00eda Espa\u00f1ola de la Universitat Aut\u00f2noma de Barcelona S\u00f2nia Boadas, Laura Fern\u00e1ndez y Arantxa Ll\u00e0cer (responsable y supervisora de la propuesta).<\/p>\n<p>[\/et_pb_text][et_pb_text admin_label=&#8221;Conceptos&#8221; _builder_version=&#8221;4.27.4&#8243; _module_preset=&#8221;default&#8221; text_font=&#8221;|||on|||||&#8221; text_font_size=&#8221;1.5em&#8221; global_colors_info=&#8221;{}&#8221;]<\/p>\n<p style=\"text-align: center;\"><strong>Conceptos<\/strong><\/p>\n<p>[\/et_pb_text][et_pb_text admin_label=&#8221;Abecedari &#8211; conceptos&#8221; _builder_version=&#8221;4.27.4&#8243; _module_preset=&#8221;default&#8221; text_font=&#8221;Abril Fatface||||||||&#8221; text_font_size=&#8221;1.7em&#8221; global_colors_info=&#8221;{}&#8221;]<\/p>\n<p style=\"text-align: center;\"><a href=\"https:\/\/filologia.uab.cat\/glosem\/a-concepto\/\">A<\/a> | <a href=\"https:\/\/filologia.uab.cat\/glosem\/b-concepto\/\">B<\/a> | <a href=\"https:\/\/filologia.uab.cat\/glosem\/c-concepto\/\">C<\/a> | <a href=\"https:\/\/filologia.uab.cat\/glosem\/d-concepto\/\">D<\/a> | <a href=\"https:\/\/filologia.uab.cat\/glosem\/e-concepto\/\">E<\/a> | <a href=\"https:\/\/filologia.uab.cat\/glosem\/f-concepto\/\">F<\/a> | <a href=\"https:\/\/filologia.uab.cat\/glosem\/g-concepto\">G<\/a> | <a href=\"https:\/\/filologia.uab.cat\/glosem\/h-concepto\">H<\/a> | <a href=\"https:\/\/filologia.uab.cat\/glosem\/i-concepto\/\">I<\/a> | <a href=\"https:\/\/filologia.uab.cat\/glosem\/j-concepto\/\">J<\/a> | K| <a href=\"https:\/\/filologia.uab.cat\/glosem\/l-concepto\/\">L<\/a> | <a href=\"https:\/\/filologia.uab.cat\/glosem\/m-concepto\/\">M<\/a> | <a href=\"https:\/\/filologia.uab.cat\/glosem\/n-concepto\">N<\/a> | \u00d1 | <a href=\"https:\/\/filologia.uab.cat\/glosem\/o-concepto\">O<\/a> | <a href=\"https:\/\/filologia.uab.cat\/glosem\/p-concepto\/\">P<\/a> | Q | <a href=\"https:\/\/filologia.uab.cat\/glosem\/r-concepto\/\">R<\/a> | <a href=\"https:\/\/filologia.uab.cat\/glosem\/s-concepto\/\">S<\/a> | <a href=\"https:\/\/filologia.uab.cat\/glosem\/t-concepto\/\">T<\/a> | U | <a href=\"https:\/\/filologia.uab.cat\/glosem\/v-concepto\/\">V<\/a> | W | X | Y | <a href=\"https:\/\/filologia.uab.cat\/glosem\/z-concepto\/\">Z<\/a><\/p>\n<p>[\/et_pb_text][et_pb_divider _builder_version=&#8221;4.27.4&#8243; _module_preset=&#8221;default&#8221; global_colors_info=&#8221;{}&#8221;][\/et_pb_divider][et_pb_text admin_label=&#8221;Figuras&#8221; _builder_version=&#8221;4.27.4&#8243; _module_preset=&#8221;default&#8221; text_font=&#8221;|||on|||||&#8221; text_font_size=&#8221;1.5em&#8221; global_colors_info=&#8221;{}&#8221;]<\/p>\n<p style=\"text-align: center;\"><strong>Figuras ret\u00f3ricas<\/strong><\/p>\n<p>[\/et_pb_text][et_pb_text admin_label=&#8221;Abecedari &#8211; figuras&#8221; _builder_version=&#8221;4.27.4&#8243; _module_preset=&#8221;default&#8221; text_font=&#8221;Abril Fatface||||||||&#8221; text_font_size=&#8221;1.7em&#8221; global_colors_info=&#8221;{}&#8221;]<\/p>\n<p style=\"text-align: center;\"><a href=\"https:\/\/filologia.uab.cat\/glosem\/a-figura-retorica\/\">A<\/a> | <a href=\"https:\/\/filologia.uab.cat\/glosem\/b-figura-retorica\/\">B<\/a> | <a href=\"https:\/\/filologia.uab.cat\/glosem\/c-figura-retorica\/\">C<\/a> | <a href=\"https:\/\/filologia.uab.cat\/glosem\/d-figura-retorica\/\">D<\/a> | <a href=\"https:\/\/filologia.uab.cat\/glosem\/e-figura-retorica\/\">E<\/a> | F | G | H |<a href=\"https:\/\/filologia.uab.cat\/glosem\/i-figura-retorica\/\"> I<\/a> | J | K| <a href=\"https:\/\/filologia.uab.cat\/glosem\/l-figura-retorica\/\">L<\/a> | <a href=\"https:\/\/filologia.uab.cat\/glosem\/m-figura-retorica\/\">M<\/a> | N | \u00d1 | <a href=\"https:\/\/filologia.uab.cat\/glosem\/o-figura-retorica\/\">O<\/a> | <a href=\"https:\/\/filologia.uab.cat\/glosem\/p-figura-retorica\/\">P<\/a> | <a href=\"https:\/\/filologia.uab.cat\/glosem\/q-figura-retorica\/\">Q<\/a> | <a href=\"https:\/\/filologia.uab.cat\/glosem\/r-figura-retorica\/\">R<\/a> | <a href=\"https:\/\/filologia.uab.cat\/glosem\/s-figura-retorica\/\">S<\/a> | <a href=\"https:\/\/filologia.uab.cat\/glosem\/t-figura-retorica\/\">T<\/a> | <a href=\"https:\/\/filologia.uab.cat\/glosem\/u-figura-retorica\/\">U<\/a> | <a href=\"https:\/\/filologia.uab.cat\/glosem\/v-figura-retorica\/\">V<\/a> | W | X | Y | Z<\/p>\n<p>[\/et_pb_text][et_pb_divider show_divider=&#8221;off&#8221; _builder_version=&#8221;4.27.4&#8243; _module_preset=&#8221;default&#8221; global_colors_info=&#8221;{}&#8221;][\/et_pb_divider][et_pb_text admin_label=&#8221;Text&#8221; _builder_version=&#8221;4.27.4&#8243; _module_preset=&#8221;default&#8221; global_colors_info=&#8221;{}&#8221;]<\/p>\n<p>&nbsp;<\/p>\n<p style=\"text-align: center;\">PROGRAMA D\u2019AJUTS PER A LA INNOVACI\u00d3 DOCENT 2025, Facultat de Filosofia i Lletres.<\/p>\n<p>[\/et_pb_text][\/et_pb_column][\/et_pb_row][\/et_pb_section]<\/p>\n","protected":false},"excerpt":{"rendered":"<p>El Glosario Digital de T\u00e9rminos de la Literatura Espa\u00f1ola Medieval y del Siglo de Oro (GLOSEM) es una actividad llevada a cabo por estudiantes de la asignatura \u00abLiteratura medieval y del Siglo de Oro\u00bb de la Universitat Aut\u00f2noma de Barcelona, en la que ellos son los autores de las definiciones de distintos t\u00e9rminos significativos de [&hellip;]<\/p>\n","protected":false},"author":1,"featured_media":0,"parent":0,"menu_order":0,"comment_status":"closed","ping_status":"closed","template":"","meta":{"_et_pb_use_builder":"on","_et_pb_old_content":"","_et_gb_content_width":"","footnotes":""},"class_list":["post-13","page","type-page","status-publish","hentry"],"_links":{"self":[{"href":"https:\/\/filologia.uab.cat\/glosem\/wp-json\/wp\/v2\/pages\/13","targetHints":{"allow":["GET"]}}],"collection":[{"href":"https:\/\/filologia.uab.cat\/glosem\/wp-json\/wp\/v2\/pages"}],"about":[{"href":"https:\/\/filologia.uab.cat\/glosem\/wp-json\/wp\/v2\/types\/page"}],"author":[{"embeddable":true,"href":"https:\/\/filologia.uab.cat\/glosem\/wp-json\/wp\/v2\/users\/1"}],"replies":[{"embeddable":true,"href":"https:\/\/filologia.uab.cat\/glosem\/wp-json\/wp\/v2\/comments?post=13"}],"version-history":[{"count":51,"href":"https:\/\/filologia.uab.cat\/glosem\/wp-json\/wp\/v2\/pages\/13\/revisions"}],"predecessor-version":[{"id":698,"href":"https:\/\/filologia.uab.cat\/glosem\/wp-json\/wp\/v2\/pages\/13\/revisions\/698"}],"wp:attachment":[{"href":"https:\/\/filologia.uab.cat\/glosem\/wp-json\/wp\/v2\/media?parent=13"}],"curies":[{"name":"wp","href":"https:\/\/api.w.org\/{rel}","templated":true}]}}